{"id":8,"date":"2018-04-27T01:31:08","date_gmt":"2018-04-27T01:31:08","guid":{"rendered":"https:\/\/fundacionmansiondevida.wordpress.com\/?page_id=3"},"modified":"2018-04-27T01:31:08","modified_gmt":"2018-04-27T01:31:08","slug":"contacto","status":"publish","type":"page","link":"https:\/\/mansiondevida.org\/index.php\/contacto\/","title":{"rendered":"Contacto"},"content":{"rendered":"<p>Es una p\u00e1gina de contacto con informaci\u00f3n b\u00e1sica y un formulario de contacto. <div id='contact-form-8'>\n<form action='https:\/\/mansiondevida.org\/index.php\/contacto\/#contact-form-8' method='post' class='contact-form commentsblock'>\n<script>\n\t\t\t( function () {\n\t\t\t\tconst contact_forms = document.getElementsByClassName('contact-form');\n\n\t\t\t\tfor ( const form of contact_forms ) {\n\t\t\t\t\tform.onsubmit = function() {\n\t\t\t\t\t\tconst buttons = form.getElementsByTagName('button');\n\n\t\t\t\t\t\tfor( const button of buttons ) {\n\t\t\t\t\t\t\tbutton.setAttribute('disabled', true);\n\t\t\t\t\t\t}\n\t\t\t\t\t}\n\t\t\t\t}\n\t\t\t} )();\n\t\t<\/script>\n<div class='grunion-field-wrap grunion-field-name-wrap'  >\n<label\n\t\t\t\tfor='g8-nombre'\n\t\t\t\tclass='grunion-field-label name'\n\t\t\t\t>Nombre<span>(obligatorio)<\/span><\/label>\n<input\n\t\t\t\t\ttype='text'\n\t\t\t\t\tname='g8-nombre'\n\t\t\t\t\tid='g8-nombre'\n\t\t\t\t\tvalue=''\n\t\t\t\t\tclass='name' \n\t\t\t\t\trequired aria-required='true'\n\t\t\t\t\/>\n\t<\/div>\n\n<div class='grunion-field-wrap grunion-field-email-wrap'  >\n<label\n\t\t\t\tfor='g8-correoelectrnico'\n\t\t\t\tclass='grunion-field-label email'\n\t\t\t\t>Correo electr\u00f3nico<span>(obligatorio)<\/span><\/label>\n<input\n\t\t\t\t\ttype='email'\n\t\t\t\t\tname='g8-correoelectrnico'\n\t\t\t\t\tid='g8-correoelectrnico'\n\t\t\t\t\tvalue=''\n\t\t\t\t\tclass='email' \n\t\t\t\t\trequired aria-required='true'\n\t\t\t\t\/>\n\t<\/div>\n\n<div class='grunion-field-wrap grunion-field-url-wrap'  >\n<label\n\t\t\t\tfor='g8-sitioweb'\n\t\t\t\tclass='grunion-field-label url'\n\t\t\t\t>Sitio web<\/label>\n<input\n\t\t\t\t\ttype='url'\n\t\t\t\t\tname='g8-sitioweb'\n\t\t\t\t\tid='g8-sitioweb'\n\t\t\t\t\tvalue=''\n\t\t\t\t\tclass='url' \n\t\t\t\t\t\n\t\t\t\t\/>\n\t<\/div>\n\n<div class='grunion-field-wrap grunion-field-textarea-wrap'  >\n<label\n\t\t\t\tfor='contact-form-comment-g8-comentario'\n\t\t\t\tclass='grunion-field-label textarea'\n\t\t\t\t>Comentario<span>(obligatorio)<\/span><\/label>\n<textarea\n\t\t                name='g8-comentario'\n\t\t                id='contact-form-comment-g8-comentario'\n\t\t                rows='20' class='textarea'  required aria-required='true'><\/textarea>\n\t<\/div>\n\t<p class='contact-submit'>\n\t\t<button type='submit' class='pushbutton-wide'>Enviar<\/button>\t\t<input type='hidden' name='contact-form-id' value='8' \/>\n\t\t<input type='hidden' name='action' value='grunion-contact-form' \/>\n\t\t<input type='hidden' name='contact-form-hash' value='aec10952274d698d6277c11d6f6ec35e03ee8f1f' \/>\n\t<\/p>\n<\/form>\n<\/div><\/p>\n","protected":false},"excerpt":{"rendered":"<p>Es una p\u00e1gina de contacto con informaci\u00f3n b\u00e1sica y un formulario de contacto.<\/p>\n","protected":false},"author":2,"featured_media":0,"parent":0,"menu_order":2,"comment_status":"closed","ping_status":"closed","template":"","meta":{"spay_email":"","footnotes":""},"class_list":["post-8","page","type-page","status-publish","hentry"],"_links":{"self":[{"href":"https:\/\/mansiondevida.org\/index.php\/wp-json\/wp\/v2\/pages\/8","targetHints":{"allow":["GET"]}}],"collection":[{"href":"https:\/\/mansiondevida.org\/index.php\/wp-json\/wp\/v2\/pages"}],"about":[{"href":"https:\/\/mansiondevida.org\/index.php\/wp-json\/wp\/v2\/types\/page"}],"author":[{"embeddable":true,"href":"https:\/\/mansiondevida.org\/index.php\/wp-json\/wp\/v2\/users\/2"}],"replies":[{"embeddable":true,"href":"https:\/\/mansiondevida.org\/index.php\/wp-json\/wp\/v2\/comments?post=8"}],"version-history":[{"count":0,"href":"https:\/\/mansiondevida.org\/index.php\/wp-json\/wp\/v2\/pages\/8\/revisions"}],"wp:attachment":[{"href":"https:\/\/mansiondevida.org\/index.php\/wp-json\/wp\/v2\/media?parent=8"}],"curies":[{"name":"wp","href":"https:\/\/api.w.org\/{rel}","templated":true}]}}