{"id":7,"date":"2018-04-27T01:31:09","date_gmt":"2018-04-27T01:31:09","guid":{"rendered":"https:\/\/fundacionmansiondevida.wordpress.com\/?page_id=2"},"modified":"2018-04-27T01:31:09","modified_gmt":"2018-04-27T01:31:09","slug":"acerca-de","status":"publish","type":"page","link":"https:\/\/mansiondevida.org\/index.php\/acerca-de\/","title":{"rendered":"Experiencia Institucional"},"content":{"rendered":"<p>La Fundaci\u00f3n Mansi\u00f3n de Vida se creo respondiendo a la necesidad que existe en nuestro pa\u00eds de mejorar y garantizar la calidad de vida de diferentes comunidades. El equipo de trabajo de Mansi\u00f3n de Vida esta conformado por profesionales serios y \u00e9ticos que tienen una amplia experiencia laboral.<\/p>\n<p>Nuestro mayor \u00e9nfasis ha sido como implementadotes de proyectos en sectores marginales, contamos con experiencia en nuevas metodolog\u00edas pedag\u00f3gicas que nos acercan de un modo mas concreto a las comunidades y en especial a los j\u00f3venes; un sector de la sociedad que se esta convirtiendo en un punto neur\u00e1lgico desde diferentes sentidos.<\/p>\n<p>Desde el teatro, la escritura, el periodismo popular y otras expresiones art\u00edsticas, hemos buscado fortalecer la formaci\u00f3n en deberes y derechos c\u00edvicos, morales y \u00e9ticos.<br \/>\nHemos generado procesos de auto-reconocimiento en comunidades vulnerables, especialmente en comunidades conformadas por madres cabezas de familia. A su vez contamos con experiencia en fortalecer y crear sentido de pertenencia por el entorno, generando as\u00ed procesos de auto-sostenibilidad y empoderamiento.<\/p>\n<p>Nuestra labor se ha caracterizado por dejar resultados duraderos, que no solo protegen a las comunidades a las cuales les est\u00e1n siendo vulnerados sus derechos, sino que mejoran el estilo y la calidad de vida de los ciudadanos y ciudadanas que la conforman.<\/p>\n","protected":false},"excerpt":{"rendered":"<p>La Fundaci\u00f3n Mansi\u00f3n de Vida se creo respondiendo a la necesidad que existe en nuestro pa\u00eds de mejorar y garantizar la calidad de vida de diferentes comunidades. El equipo de trabajo de Mansi\u00f3n de Vida esta conformado por profesionales serios y \u00e9ticos que tienen una amplia experiencia laboral. Nuestro mayor \u00e9nfasis ha sido como implementadotes<span class=\"post-excerpt-end\">&hellip;<\/span><\/p>\n<p class=\"more-link\"><a href=\"https:\/\/mansiondevida.org\/index.php\/acerca-de\/\" class=\"themebutton\">Read More<\/a><\/p>\n","protected":false},"author":2,"featured_media":0,"parent":0,"menu_order":1,"comment_status":"closed","ping_status":"closed","template":"","meta":{"spay_email":"","footnotes":""},"class_list":["post-7","page","type-page","status-publish","hentry"],"_links":{"self":[{"href":"https:\/\/mansiondevida.org\/index.php\/wp-json\/wp\/v2\/pages\/7","targetHints":{"allow":["GET"]}}],"collection":[{"href":"https:\/\/mansiondevida.org\/index.php\/wp-json\/wp\/v2\/pages"}],"about":[{"href":"https:\/\/mansiondevida.org\/index.php\/wp-json\/wp\/v2\/types\/page"}],"author":[{"embeddable":true,"href":"https:\/\/mansiondevida.org\/index.php\/wp-json\/wp\/v2\/users\/2"}],"replies":[{"embeddable":true,"href":"https:\/\/mansiondevida.org\/index.php\/wp-json\/wp\/v2\/comments?post=7"}],"version-history":[{"count":0,"href":"https:\/\/mansiondevida.org\/index.php\/wp-json\/wp\/v2\/pages\/7\/revisions"}],"wp:attachment":[{"href":"https:\/\/mansiondevida.org\/index.php\/wp-json\/wp\/v2\/media?parent=7"}],"curies":[{"name":"wp","href":"https:\/\/api.w.org\/{rel}","templated":true}]}}