{"id":52,"date":"2018-04-29T03:08:23","date_gmt":"2018-04-29T03:08:23","guid":{"rendered":"http:\/\/mansiondevida.org\/?page_id=52"},"modified":"2018-04-29T03:08:23","modified_gmt":"2018-04-29T03:08:23","slug":"documentacion","status":"publish","type":"page","link":"https:\/\/mansiondevida.org\/index.php\/documentacion\/","title":{"rendered":"Documentaci\u00f3n"},"content":{"rendered":"<p><a title=\"Antecedentes Judiciales Fundaci\u00f3n Mansi\u00f3n de Vida_ R. Legal\" href=\"https:\/\/fundacionmansiondevida.files.wordpress.com\/2018\/04\/antecedentes-judiciales-fundacic3b3n-mansic3b3n-de-vida_-r-legal.pdf\">Antecedentes Judiciales Fundaci\u00f3n Mansi\u00f3n de Vida_ R. Legal<\/a><\/p>\n<p><a title=\"Acta de Autorizaci\u00f3n Fundaci\u00f3n Mansi\u00f3n de Vida\" href=\"https:\/\/fundacionmansiondevida.files.wordpress.com\/2018\/04\/acta-de-autorizacic3b3n-fundacic3b3n-mansic3b3n-de-vida.pdf\">Acta de Autorizaci\u00f3n Fundaci\u00f3n Mansi\u00f3n de Vida<\/a><\/p>\n<p><a title=\"Acta de Constituci\u00f3n Fundaci\u00f3n Mansi\u00f3n de Vida\" href=\"https:\/\/fundacionmansiondevida.files.wordpress.com\/2018\/04\/acta-de-constitucic3b3n-fundacic3b3n-mansic3b3n-de-vida.pdf\">Acta de Constituci\u00f3n Fundaci\u00f3n Mansi\u00f3n de Vida<\/a><\/p>\n<p><a title=\"Certificado C\u00e1mara de Comercio Fundaci\u00f3n Mansi\u00f3n de Vida\" href=\"https:\/\/fundacionmansiondevida.files.wordpress.com\/2018\/04\/certificado-cc3a1mara-de-comercio-fundacic3b3n-mansic3b3n-de-vida.pdf\">Certificado C\u00e1mara de Comercio Fundaci\u00f3n Mansi\u00f3n de Vida<\/a><\/p>\n<p><a title=\"Estatutos Fundaci\u00f3n Mansi\u00f3n de Vida\" href=\"https:\/\/fundacionmansiondevida.files.wordpress.com\/2018\/04\/estatutos-fundacic3b3n-mansic3b3n-de-vida1.pdf\">Estatutos Fundaci\u00f3n Mansi\u00f3n de Vida<\/a><\/p>\n<p><a title=\"Estados Financieros Fundaci\u00f3n Mansi\u00f3n de Vida 2017\" href=\"https:\/\/fundacionmansiondevida.files.wordpress.com\/2018\/04\/estados-financieros-fundacic3b3n-mansic3b3n-de-vida-2017.pdf\">Estados Financieros Fundaci\u00f3n Mansi\u00f3n de Vida 2017<\/a><\/p>\n<p><a title=\"Informe de Gesti\u00f3n Financiera 2017 Fundaci\u00f3n Mansi\u00f3n de Vida\" href=\"https:\/\/fundacionmansiondevida.files.wordpress.com\/2018\/04\/informe-de-gestic3b3n-financiera-2017-fundacic3b3n-mansic3b3n-de-vida.pdf\">Informe de Gesti\u00f3n Financiera 2017 Fundaci\u00f3n Mansi\u00f3n de Vida<\/a><\/p>\n<p><a title=\"RUT Actualizado 2018 Fundaci\u00f3n Mansi\u00f3n de Vida\" href=\"https:\/\/fundacionmansiondevida.files.wordpress.com\/2018\/04\/rut-actualizado-2018-fundacic3b3n-mansic3b3n-de-vida.pdf\">RUT Actualizado 2018 Fundaci\u00f3n Mansi\u00f3n de Vida<\/a><\/p>\n<p>&nbsp;<\/p>\n<p>&nbsp;<\/p>\n<p>&nbsp;<\/p>\n","protected":false},"excerpt":{"rendered":"<p>Antecedentes Judiciales Fundaci\u00f3n Mansi\u00f3n de Vida_ R. Legal Acta de Autorizaci\u00f3n Fundaci\u00f3n Mansi\u00f3n de Vida Acta de Constituci\u00f3n Fundaci\u00f3n Mansi\u00f3n de Vida Certificado C\u00e1mara de Comercio Fundaci\u00f3n Mansi\u00f3n de Vida Estatutos Fundaci\u00f3n Mansi\u00f3n de Vida Estados Financieros Fundaci\u00f3n Mansi\u00f3n de Vida 2017 Informe de Gesti\u00f3n Financiera 2017 Fundaci\u00f3n Mansi\u00f3n de Vida RUT Actualizado 2018 Fundaci\u00f3n<span class=\"post-excerpt-end\">&hellip;<\/span><\/p>\n<p class=\"more-link\"><a href=\"https:\/\/mansiondevida.org\/index.php\/documentacion\/\" class=\"themebutton\">Read More<\/a><\/p>\n","protected":false},"author":4,"featured_media":0,"parent":0,"menu_order":0,"comment_status":"closed","ping_status":"closed","template":"","meta":{"spay_email":"","footnotes":""},"class_list":["post-52","page","type-page","status-publish","hentry"],"_links":{"self":[{"href":"https:\/\/mansiondevida.org\/index.php\/wp-json\/wp\/v2\/pages\/52","targetHints":{"allow":["GET"]}}],"collection":[{"href":"https:\/\/mansiondevida.org\/index.php\/wp-json\/wp\/v2\/pages"}],"about":[{"href":"https:\/\/mansiondevida.org\/index.php\/wp-json\/wp\/v2\/types\/page"}],"author":[{"embeddable":true,"href":"https:\/\/mansiondevida.org\/index.php\/wp-json\/wp\/v2\/users\/4"}],"replies":[{"embeddable":true,"href":"https:\/\/mansiondevida.org\/index.php\/wp-json\/wp\/v2\/comments?post=52"}],"version-history":[{"count":0,"href":"https:\/\/mansiondevida.org\/index.php\/wp-json\/wp\/v2\/pages\/52\/revisions"}],"wp:attachment":[{"href":"https:\/\/mansiondevida.org\/index.php\/wp-json\/wp\/v2\/media?parent=52"}],"curies":[{"name":"wp","href":"https:\/\/api.w.org\/{rel}","templated":true}]}}