{"id":33,"date":"2018-04-27T04:42:39","date_gmt":"2018-04-27T04:42:39","guid":{"rendered":"https:\/\/fundacionmansiondevida.wordpress.com\/?page_id=33"},"modified":"2018-04-27T04:42:39","modified_gmt":"2018-04-27T04:42:39","slug":"mision-y-vision","status":"publish","type":"page","link":"https:\/\/mansiondevida.org\/index.php\/mision-y-vision\/","title":{"rendered":"Misi\u00f3n y Visi\u00f3n"},"content":{"rendered":"<h2>MISI\u00d3N<\/h2>\n<p>Mansi\u00f3n de Vida es una fundaci\u00f3n de car\u00e1cter social sin \u00e1nimo de lucro que promueve el mejoramiento del estilo y la calidad de vida de las personas. Creemos firmemente que cuando los individuos que conforman las sociedades tienen m\u00e1zas y mejores oportunidades se convierten en l\u00edderes positivos de sus comunidades.<\/p>\n<p>Para cumplir con esto; son elementos fundamentales en nuestra raz\u00f3n de ser la promoci\u00f3n de valores morales y c\u00edvicos, la investigaci\u00f3n y producci\u00f3n de conocimiento y la formulaci\u00f3n e implementaci\u00f3n de proyectos de investigaci\u00f3n sociales y culturales.<\/p>\n<p>Con esto esperamos fortalecer una cultura de paz, convivencia y tolerancia que ayude a mejorar nuestras sociedades, desde el reconocimiento de las diversidades \u00e9tnicas, grupos sociales, culturales, religiosos, sexuales y de toda \u00edndole que abarca nuestro pa\u00eds.<\/p>\n<h2>Visi\u00f3n<\/h2>\n<p>Queremos ser reconocidos por las comunidades como una fundaci\u00f3n l\u00edder en la promoci\u00f3n de valores morales y c\u00edvicos, en la investigaci\u00f3n acad\u00e9mica y productiva, y en la formulaci\u00f3n e implementaci\u00f3n de proyectos sociales y culturales que impacten positivamente en las comunidades.<\/p>\n<p>Somos una organizaci\u00f3n que desde un enfoque humanista, cultural, social y renovador, tenemos una propuesta de sociedad incluyente con base en la tolerancia, la paz, la equidad, la igualdad de genero, la formaci\u00f3n del sentido de pertenencia y el reconocimiento de la diversidad. Queremos empoderar a las comunidades para que ellas mismas se conviertan en multiplicadoras de las experiencias y garantizar as\u00ed la continuidad del trabajo.<\/p>\n","protected":false},"excerpt":{"rendered":"<p>MISI\u00d3N Mansi\u00f3n de Vida es una fundaci\u00f3n de car\u00e1cter social sin \u00e1nimo de lucro que promueve el mejoramiento del estilo y la calidad de vida de las personas. Creemos firmemente que cuando los individuos que conforman las sociedades tienen m\u00e1zas y mejores oportunidades se convierten en l\u00edderes positivos de sus comunidades. Para cumplir con esto;<span class=\"post-excerpt-end\">&hellip;<\/span><\/p>\n<p class=\"more-link\"><a href=\"https:\/\/mansiondevida.org\/index.php\/mision-y-vision\/\" class=\"themebutton\">Read More<\/a><\/p>\n","protected":false},"author":2,"featured_media":0,"parent":0,"menu_order":0,"comment_status":"closed","ping_status":"closed","template":"","meta":{"spay_email":"","footnotes":""},"class_list":["post-33","page","type-page","status-publish","hentry"],"_links":{"self":[{"href":"https:\/\/mansiondevida.org\/index.php\/wp-json\/wp\/v2\/pages\/33","targetHints":{"allow":["GET"]}}],"collection":[{"href":"https:\/\/mansiondevida.org\/index.php\/wp-json\/wp\/v2\/pages"}],"about":[{"href":"https:\/\/mansiondevida.org\/index.php\/wp-json\/wp\/v2\/types\/page"}],"author":[{"embeddable":true,"href":"https:\/\/mansiondevida.org\/index.php\/wp-json\/wp\/v2\/users\/2"}],"replies":[{"embeddable":true,"href":"https:\/\/mansiondevida.org\/index.php\/wp-json\/wp\/v2\/comments?post=33"}],"version-history":[{"count":0,"href":"https:\/\/mansiondevida.org\/index.php\/wp-json\/wp\/v2\/pages\/33\/revisions"}],"wp:attachment":[{"href":"https:\/\/mansiondevida.org\/index.php\/wp-json\/wp\/v2\/media?parent=33"}],"curies":[{"name":"wp","href":"https:\/\/api.w.org\/{rel}","templated":true}]}}