{"id":31,"date":"2018-04-27T04:41:38","date_gmt":"2018-04-27T04:41:38","guid":{"rendered":"https:\/\/fundacionmansiondevida.wordpress.com\/?page_id=31"},"modified":"2018-04-27T04:41:38","modified_gmt":"2018-04-27T04:41:38","slug":"estrategias-institucionales","status":"publish","type":"page","link":"https:\/\/mansiondevida.org\/index.php\/estrategias-institucionales\/","title":{"rendered":"Estrategias Institucionales"},"content":{"rendered":"<h2>Investigaci\u00f3n y producci\u00f3n de conocimiento<\/h2>\n<p>El estudio y actualizaci\u00f3n permanente de los temas hacen parte la acci\u00f3n misional de Mansi\u00f3n de Vida. La investigaci\u00f3n es fundamental para conocer las realidades de los y las ciudadanas vulnerables, y poder formular e implementar proyectos adecuados que busquen optimizar su calidad de vida.<\/p>\n<p>Desde la investigaci\u00f3n y el trabajo de campo se llega mas concretamente a las comunidades, ellos mismos expresan sus necesidades y se pueden conocer cuales son los derechos que les est\u00e1n siendo violados, un trabajo de base garantiza una mejor manera de accionar por parte de fundaci\u00f3n y una implementaci\u00f3n con mayores resultados para la comunidad.<\/p>\n<h3>Metodolog\u00eda<\/h3>\n<p>Contamos con profesionales que dentro de su formaci\u00f3n, y respaldados por una amplia experiencia laboral, conocen la implementaci\u00f3n de investigaciones cualitativas y cuantitativas. A su vez saben desarrollar el trabajo de campo a trav\u00e9s de m\u00faltiples metodolog\u00edas: la etnograf\u00eda, la observaci\u00f3n participante y no participante, las entrevistas y encuestas, entre otros.<\/p>\n<p>Conocen como procesar la informaci\u00f3n pertinente para entregar reportes preliminares e informes de resultados de acuerdo a los requerimientos.<\/p>\n<p>Para producir conocimiento en el \u00e1rea investigada nuestro personal tiene un alto nivel acad\u00e9mico y cuenta dentro de su experiencia personal, con publicaciones de art\u00edculos en diferentes medios impresos.<\/p>\n<h2>Formulaci\u00f3n en implementaci\u00f3n de proyectos<\/h2>\n<p>Enmarcados en investigaciones y resultados se formulan e implementan proyectos investigativos, sociales y culturales. Siempre promocionando valores morales y c\u00edvicos.<\/p>\n<p>El objetivo es que desde estos proyectos se logren reconocer las diferentes posiciones de los actores sociales, manejando por medio de un dialogo de saberes los conocimientos, oportunidades y metas que buscan las diferentes comunidades.<\/p>\n<p>Siendo m\u00e1s cercanos a sus realidades y necesidades podemos llegar a las comunidades de forma concreta, productiva y r\u00e1pida garantizando la correcta ejecuci\u00f3n de los diferentes proyectos.<\/p>\n<h3>Metodolog\u00eda<\/h3>\n<p>Nuestros profesionales pertenecen a diferentes \u00e1reas del conocimiento. Contamos con humanistas, profesionales del \u00e1rea de la salud, abogados, dise\u00f1adores gr\u00e1ficos, artistas e ingenieros que conocen de su profesi\u00f3n y que adem\u00e1s se caracterizan por ser multidisciplinares, con una fuerte formaci\u00f3n comunitaria que los impulsa siempre a laborar en pro de las comunidades.<\/p>\n<p>Con este grupo de trabajo lo que queremos es garantizar nuestra versatilidad en la creaci\u00f3n e implementaci\u00f3n de proyectos, y aunque nuestro enfoque han sido los proyectos de \u00edndole investigativa, sociales y culturales, tambi\u00e9n nos sentimos en la capacidad de llevar a cabo otros de tem\u00e1ticas diferentes, siempre garantizando la confiabilidad y cumplimiento, bas\u00e1ndonos en un buen equipo de trabajo y sus conocimientos.<\/p>\n<p>Mansi\u00f3n de vida implementa el dialogo de saberes como m\u00e9todo para acercarse a la comunidad y partir desde sus capacidades y conocimientos, para la ejecuci\u00f3n de los proyectos.<\/p>\n<h2>Formaci\u00f3n de actores sociales<\/h2>\n<p>Los individuos son piezas claves en el engranaje de las sociedades, y pensamos que no pueden quedarse por fuera de las mejoras que se le imprimen a las comunidades, es por eso que siempre propendemos por la formaci\u00f3n de los y las ciudadanas como actores sociales que puedan incidir en las pol\u00edticas que surgen y se ejercen a su alrededor.<\/p>\n<p>Bajo una visi\u00f3n de tolerancia, paz y reconocimiento de la diversidad, queremos generar y\/o fortalecer capacidades de liderazgo en los participantes de los diferentes proyectos, adem\u00e1s su empoderamiento para que puedan llegar a ser multiplicadores de las experiencias positivas que se promuevan.<\/p>\n<h3>Metodolog\u00eda<\/h3>\n<p>Para la formaci\u00f3n contamos con din\u00e1micas innovadoras y metodolog\u00edas pedag\u00f3gicas, culturales y art\u00edsticas que garantizan un mejor acercamiento y recepci\u00f3n por parte de las comunidades.<\/p>\n<p>La nueva narraci\u00f3n oral, el teatro, el periodismo, los medios audio visuales son artes y tem\u00e1ticas que nuestro grupo de trabajo maneja muy bien. Adem\u00e1s todos tienen un componente formaci\u00f3n pedag\u00f3gica, asegurando que los temas formativos lleguen de manera mas clara a la comunidad.<\/p>\n<p>Dentro de la formaci\u00f3n tambi\u00e9n contamos con experiencia en talleres vivenciales y pedag\u00f3gicos en temas como ciudadan\u00eda y derechos, restauraciones vitales, h\u00e1bitos de vida saludable, generaci\u00f3n y producci\u00f3n de ingresos, formulaci\u00f3n, implementaci\u00f3n y subvenci\u00f3n de proyectos productivos, asociatividad y artes pl\u00e1sticas, graficas y escritas.<\/p>\n","protected":false},"excerpt":{"rendered":"<p>Investigaci\u00f3n y producci\u00f3n de conocimiento El estudio y actualizaci\u00f3n permanente de los temas hacen parte la acci\u00f3n misional de Mansi\u00f3n de Vida. La investigaci\u00f3n es fundamental para conocer las realidades de los y las ciudadanas vulnerables, y poder formular e implementar proyectos adecuados que busquen optimizar su calidad de vida. Desde la investigaci\u00f3n y el<span class=\"post-excerpt-end\">&hellip;<\/span><\/p>\n<p class=\"more-link\"><a href=\"https:\/\/mansiondevida.org\/index.php\/estrategias-institucionales\/\" class=\"themebutton\">Read More<\/a><\/p>\n","protected":false},"author":2,"featured_media":0,"parent":0,"menu_order":0,"comment_status":"closed","ping_status":"closed","template":"","meta":{"spay_email":"","footnotes":""},"class_list":["post-31","page","type-page","status-publish","hentry"],"_links":{"self":[{"href":"https:\/\/mansiondevida.org\/index.php\/wp-json\/wp\/v2\/pages\/31","targetHints":{"allow":["GET"]}}],"collection":[{"href":"https:\/\/mansiondevida.org\/index.php\/wp-json\/wp\/v2\/pages"}],"about":[{"href":"https:\/\/mansiondevida.org\/index.php\/wp-json\/wp\/v2\/types\/page"}],"author":[{"embeddable":true,"href":"https:\/\/mansiondevida.org\/index.php\/wp-json\/wp\/v2\/users\/2"}],"replies":[{"embeddable":true,"href":"https:\/\/mansiondevida.org\/index.php\/wp-json\/wp\/v2\/comments?post=31"}],"version-history":[{"count":0,"href":"https:\/\/mansiondevida.org\/index.php\/wp-json\/wp\/v2\/pages\/31\/revisions"}],"wp:attachment":[{"href":"https:\/\/mansiondevida.org\/index.php\/wp-json\/wp\/v2\/media?parent=31"}],"curies":[{"name":"wp","href":"https:\/\/api.w.org\/{rel}","templated":true}]}}